{"id":22,"date":"2022-09-06T20:45:22","date_gmt":"2022-09-06T20:45:22","guid":{"rendered":"https:\/\/colegioparqueespana.edu.ar\/carrerasycursos\/?page_id=22"},"modified":"2022-09-15T12:59:31","modified_gmt":"2022-09-15T12:59:31","slug":"quienes-somos","status":"publish","type":"page","link":"https:\/\/colegioparqueespana.edu.ar\/carrerasycursos\/quienes-somos\/","title":{"rendered":"Qui\u00e9nes somos"},"content":{"rendered":"\t\t<div data-elementor-type=\"wp-page\" data-elementor-id=\"22\" class=\"elementor elementor-22\">\n\t\t\t\t\t\t<section class=\"elementor-section elementor-top-section elementor-element elementor-element-2c1dac4 elementor-section-height-min-height elementor-section-boxed elementor-section-height-default elementor-section-items-middle\" data-id=\"2c1dac4\" data-element_type=\"section\" data-e-type=\"section\" data-settings=\"{&quot;background_background&quot;:&quot;classic&quot;}\">\n\t\t\t\t\t\t\t<div class=\"elementor-background-overlay\"><\/div>\n\t\t\t\t\t\t\t<div class=\"elementor-container elementor-column-gap-default\">\n\t\t\t\t\t<div class=\"elementor-column elementor-col-100 elementor-top-column elementor-element elementor-element-0625f34\" data-id=\"0625f34\" data-element_type=\"column\" data-e-type=\"column\">\n\t\t\t<div class=\"elementor-widget-wrap elementor-element-populated\">\n\t\t\t\t\t\t<div class=\"elementor-element elementor-element-2630cea elementor-widget elementor-widget-heading\" data-id=\"2630cea\" data-element_type=\"widget\" data-e-type=\"widget\" data-widget_type=\"heading.default\">\n\t\t\t\t<div class=\"elementor-widget-container\">\n\t\t\t\t\t<h1 class=\"elementor-heading-title elementor-size-default\">\u00bfQui\u00e9nes somos?<\/h1>\t\t\t\t<\/div>\n\t\t\t\t<\/div>\n\t\t\t\t\t<\/div>\n\t\t<\/div>\n\t\t\t\t\t<\/div>\n\t\t<\/section>\n\t\t\t\t<section class=\"elementor-section elementor-top-section elementor-element elementor-element-70b1fb3 elementor-section-boxed elementor-section-height-default elementor-section-height-default\" data-id=\"70b1fb3\" data-element_type=\"section\" data-e-type=\"section\">\n\t\t\t\t\t\t<div class=\"elementor-container elementor-column-gap-default\">\n\t\t\t\t\t<div class=\"elementor-column elementor-col-100 elementor-top-column elementor-element elementor-element-506312c\" data-id=\"506312c\" data-element_type=\"column\" data-e-type=\"column\">\n\t\t\t<div class=\"elementor-widget-wrap elementor-element-populated\">\n\t\t\t\t\t\t<section class=\"elementor-section elementor-inner-section elementor-element elementor-element-f198249 elementor-section-boxed elementor-section-height-default elementor-section-height-default\" data-id=\"f198249\" data-element_type=\"section\" data-e-type=\"section\">\n\t\t\t\t\t\t<div class=\"elementor-container elementor-column-gap-default\">\n\t\t\t\t\t<div class=\"elementor-column elementor-col-50 elementor-inner-column elementor-element elementor-element-b9a0914\" data-id=\"b9a0914\" data-element_type=\"column\" data-e-type=\"column\">\n\t\t\t<div class=\"elementor-widget-wrap elementor-element-populated\">\n\t\t\t\t\t\t<div class=\"elementor-element elementor-element-47bd13f elementor-widget elementor-widget-text-editor\" data-id=\"47bd13f\" data-element_type=\"widget\" data-e-type=\"widget\" data-widget_type=\"text-editor.default\">\n\t\t\t\t<div class=\"elementor-widget-container\">\n\t\t\t\t\t\t\t\t\t<p>El Instituto Superior Parque de Espa\u00f1a fue creado de acuerdo con los Estatutos de la Fundaci\u00f3n Complejo Cultural Parque de Espa\u00f1a, en abril de 1997 por Disposici\u00f3n N\u00ba 453 del Ministerio de Educaci\u00f3n de la Provincia de Santa Fe.<\/p><p>Con el devenir de los a\u00f1os la oferta educativa fue ampli\u00e1ndose y adapt\u00e1ndose a las necesidades de la regi\u00f3n.<\/p><ul><li>T\u00e9cnico Superior en Gesti\u00f3n de Agronegocios<\/li><li>T\u00e9cnico Superior en Log\u00edstica<\/li><li>Curso de Formaci\u00f3n de Profesores en Espa\u00f1ol como Lengua Extranjera (ELE)<\/li><li>Diplomatura Universitaria en Community Management<\/li><li>Curso de idioma Espa\u00f1ol para estudiantes adolescentes extranjeros<\/li><\/ul><p>\u00a0<\/p><h5>\u00bfPOR QU\u00c9 ELEGIR EL INSTITUTO?<\/h5><ul><li>Un plantel docente de excelencia, con amplia trayectoria, experiencia y un s\u00f3lido equipo de gesti\u00f3n.<\/li><li>T\u00edtulos oficiales con validez en todo el pa\u00eds y con resoluci\u00f3n ministerial.<\/li><li>Aula virtual, con todo el material, cronograma de clases y ex\u00e1menes, bibliograf\u00eda digitalizada, gu\u00edas de trabajo y ejercicios pr\u00e1cticos para que puedas seguir la cursada a\u00fan con dificultades para concurrir a clases.<\/li><li>Bolsa de trabajo: Informaci\u00f3n sistem\u00e1tica de toda la oferta laboral en plaza, con pedidos puntuales de empresa para incorporar pasantes (alumnos y egresados del Instituto)<\/li><li>Biblioteca actualizada y especializada en las materias que se dictan, con revistas y publicaciones peri\u00f3dicas, material audiovisual y trabajos de investigaci\u00f3n.<\/li><\/ul>\t\t\t\t\t\t\t\t<\/div>\n\t\t\t\t<\/div>\n\t\t\t\t\t<\/div>\n\t\t<\/div>\n\t\t\t\t<div class=\"elementor-column elementor-col-50 elementor-inner-column elementor-element elementor-element-3e052d4\" data-id=\"3e052d4\" data-element_type=\"column\" data-e-type=\"column\">\n\t\t\t<div class=\"elementor-widget-wrap elementor-element-populated\">\n\t\t\t\t\t\t<div class=\"elementor-element elementor-element-6218e1d elementor-widget elementor-widget-image\" data-id=\"6218e1d\" data-element_type=\"widget\" data-e-type=\"widget\" data-widget_type=\"image.default\">\n\t\t\t\t<div class=\"elementor-widget-container\">\n\t\t\t\t\t\t\t\t\t\t\t\t\t\t\t<img fetchpriority=\"high\" decoding=\"async\" width=\"783\" height=\"783\" src=\"https:\/\/colegioparqueespana.edu.ar\/carrerasycursos\/wp-content\/uploads\/2022\/09\/foto-quienes-somos-1024x1024.jpg\" class=\"attachment-large size-large wp-image-580\" alt=\"Instituto Superior Parque de Espa\u00f1a\" srcset=\"https:\/\/colegioparqueespana.edu.ar\/carrerasycursos\/wp-content\/uploads\/2022\/09\/foto-quienes-somos-1024x1024.jpg 1024w, https:\/\/colegioparqueespana.edu.ar\/carrerasycursos\/wp-content\/uploads\/2022\/09\/foto-quienes-somos-300x300.jpg 300w, https:\/\/colegioparqueespana.edu.ar\/carrerasycursos\/wp-content\/uploads\/2022\/09\/foto-quienes-somos-150x150.jpg 150w\" sizes=\"(max-width: 783px) 100vw, 783px\" \/>\t\t\t\t\t\t\t\t\t\t\t\t\t\t\t<\/div>\n\t\t\t\t<\/div>\n\t\t\t\t\t<\/div>\n\t\t<\/div>\n\t\t\t\t\t<\/div>\n\t\t<\/section>\n\t\t\t\t\t<\/div>\n\t\t<\/div>\n\t\t\t\t\t<\/div>\n\t\t<\/section>\n\t\t\t\t<section class=\"elementor-section elementor-top-section elementor-element elementor-element-80a1c34 elementor-section-boxed elementor-section-height-default elementor-section-height-default\" data-id=\"80a1c34\" data-element_type=\"section\" data-e-type=\"section\">\n\t\t\t\t\t\t<div class=\"elementor-container elementor-column-gap-default\">\n\t\t\t\t\t<div class=\"elementor-column elementor-col-100 elementor-top-column elementor-element elementor-element-00b1e83\" data-id=\"00b1e83\" data-element_type=\"column\" data-e-type=\"column\">\n\t\t\t<div class=\"elementor-widget-wrap\">\n\t\t\t\t\t\t\t<\/div>\n\t\t<\/div>\n\t\t\t\t\t<\/div>\n\t\t<\/section>\n\t\t\t\t<\/div>\n\t\t","protected":false},"excerpt":{"rendered":"<p>\u00bfQui\u00e9nes somos? El Instituto Superior Parque de Espa\u00f1a fue creado de acuerdo con los Estatutos de la Fundaci\u00f3n Complejo Cultural&hellip;<\/p>\n","protected":false},"author":4,"featured_media":0,"parent":0,"menu_order":0,"comment_status":"closed","ping_status":"closed","template":"elementor_header_footer","meta":{"_acf_changed":false,"footnotes":""},"class_list":{"0":"post-22","1":"page","2":"type-page","3":"status-publish","5":"entry"},"acf":[],"aioseo_notices":[],"_links":{"self":[{"href":"https:\/\/colegioparqueespana.edu.ar\/carrerasycursos\/wp-json\/wp\/v2\/pages\/22","targetHints":{"allow":["GET"]}}],"collection":[{"href":"https:\/\/colegioparqueespana.edu.ar\/carrerasycursos\/wp-json\/wp\/v2\/pages"}],"about":[{"href":"https:\/\/colegioparqueespana.edu.ar\/carrerasycursos\/wp-json\/wp\/v2\/types\/page"}],"author":[{"embeddable":true,"href":"https:\/\/colegioparqueespana.edu.ar\/carrerasycursos\/wp-json\/wp\/v2\/users\/4"}],"replies":[{"embeddable":true,"href":"https:\/\/colegioparqueespana.edu.ar\/carrerasycursos\/wp-json\/wp\/v2\/comments?post=22"}],"version-history":[{"count":65,"href":"https:\/\/colegioparqueespana.edu.ar\/carrerasycursos\/wp-json\/wp\/v2\/pages\/22\/revisions"}],"predecessor-version":[{"id":1130,"href":"https:\/\/colegioparqueespana.edu.ar\/carrerasycursos\/wp-json\/wp\/v2\/pages\/22\/revisions\/1130"}],"wp:attachment":[{"href":"https:\/\/colegioparqueespana.edu.ar\/carrerasycursos\/wp-json\/wp\/v2\/media?parent=22"}],"curies":[{"name":"wp","href":"https:\/\/api.w.org\/{rel}","templated":true}]}}