{"id":28,"date":"2022-09-06T20:46:03","date_gmt":"2022-09-06T20:46:03","guid":{"rendered":"https:\/\/colegioparqueespana.edu.ar\/carrerasycursos\/?page_id=28"},"modified":"2023-05-14T13:50:14","modified_gmt":"2023-05-14T13:50:14","slug":"equipo-directivo","status":"publish","type":"page","link":"https:\/\/colegioparqueespana.edu.ar\/carrerasycursos\/equipo-directivo\/","title":{"rendered":"Equipo Directivo"},"content":{"rendered":"\t\t<div data-elementor-type=\"wp-page\" data-elementor-id=\"28\" class=\"elementor elementor-28\">\n\t\t\t\t\t\t<section class=\"elementor-section elementor-top-section elementor-element elementor-element-f32b2e8 elementor-section-height-min-height elementor-section-boxed elementor-section-height-default elementor-section-items-middle\" data-id=\"f32b2e8\" data-element_type=\"section\" data-e-type=\"section\" data-settings=\"{&quot;background_background&quot;:&quot;classic&quot;}\">\n\t\t\t\t\t\t\t<div class=\"elementor-background-overlay\"><\/div>\n\t\t\t\t\t\t\t<div class=\"elementor-container elementor-column-gap-default\">\n\t\t\t\t\t<div class=\"elementor-column elementor-col-100 elementor-top-column elementor-element elementor-element-ba71baa\" data-id=\"ba71baa\" data-element_type=\"column\" data-e-type=\"column\">\n\t\t\t<div class=\"elementor-widget-wrap elementor-element-populated\">\n\t\t\t\t\t\t<div class=\"elementor-element elementor-element-c8c4e5b elementor-widget elementor-widget-heading\" data-id=\"c8c4e5b\" data-element_type=\"widget\" data-e-type=\"widget\" data-widget_type=\"heading.default\">\n\t\t\t\t<div class=\"elementor-widget-container\">\n\t\t\t\t\t<h1 class=\"elementor-heading-title elementor-size-default\">Autoridades<\/h1>\t\t\t\t<\/div>\n\t\t\t\t<\/div>\n\t\t\t\t\t<\/div>\n\t\t<\/div>\n\t\t\t\t\t<\/div>\n\t\t<\/section>\n\t\t\t\t<section class=\"elementor-section elementor-top-section elementor-element elementor-element-492ff2c elementor-section-boxed elementor-section-height-default elementor-section-height-default\" data-id=\"492ff2c\" data-element_type=\"section\" data-e-type=\"section\">\n\t\t\t\t\t\t<div class=\"elementor-container elementor-column-gap-default\">\n\t\t\t\t\t<div class=\"elementor-column elementor-col-33 elementor-top-column elementor-element elementor-element-319f451\" data-id=\"319f451\" data-element_type=\"column\" data-e-type=\"column\">\n\t\t\t<div class=\"elementor-widget-wrap elementor-element-populated\">\n\t\t\t\t\t\t<div class=\"elementor-element elementor-element-7c27bf3 elementor-widget elementor-widget-text-editor\" data-id=\"7c27bf3\" data-element_type=\"widget\" data-e-type=\"widget\" data-widget_type=\"text-editor.default\">\n\t\t\t\t<div class=\"elementor-widget-container\">\n\t\t\t\t\t\t\t\t\t<hr \/><p><strong>REPRESENTANTE LEGAL:\u00a0 DIRECTORA ESPA\u00d1OLA<\/strong><br \/>Nuria \u00c1lvarez Sos<\/p>\t\t\t\t\t\t\t\t<\/div>\n\t\t\t\t<\/div>\n\t\t\t\t<div class=\"elementor-element elementor-element-6a6faf7 elementor-widget elementor-widget-text-editor\" data-id=\"6a6faf7\" data-element_type=\"widget\" data-e-type=\"widget\" data-widget_type=\"text-editor.default\">\n\t\t\t\t<div class=\"elementor-widget-container\">\n\t\t\t\t\t\t\t\t\t<hr \/><p><strong>DIRECTORA ARGENTINA<\/strong><br \/>Ing. Mar\u00eda Laura Cant\u00e1bile<\/p>\t\t\t\t\t\t\t\t<\/div>\n\t\t\t\t<\/div>\n\t\t\t\t\t<\/div>\n\t\t<\/div>\n\t\t\t\t<div class=\"elementor-column elementor-col-33 elementor-top-column elementor-element elementor-element-bc07dad\" data-id=\"bc07dad\" data-element_type=\"column\" data-e-type=\"column\">\n\t\t\t<div class=\"elementor-widget-wrap elementor-element-populated\">\n\t\t\t\t\t\t<div class=\"elementor-element elementor-element-d240b76 elementor-widget elementor-widget-text-editor\" data-id=\"d240b76\" data-element_type=\"widget\" data-e-type=\"widget\" data-widget_type=\"text-editor.default\">\n\t\t\t\t<div class=\"elementor-widget-container\">\n\t\t\t\t\t\t\t\t\t<hr \/><p><strong>SECRETARIO<\/strong><br \/>CPN Carlos Ant\u00eda<\/p>\t\t\t\t\t\t\t\t<\/div>\n\t\t\t\t<\/div>\n\t\t\t\t\t<\/div>\n\t\t<\/div>\n\t\t\t\t<div class=\"elementor-column elementor-col-33 elementor-top-column elementor-element elementor-element-16a0772\" data-id=\"16a0772\" data-element_type=\"column\" data-e-type=\"column\">\n\t\t\t<div class=\"elementor-widget-wrap elementor-element-populated\">\n\t\t\t\t\t\t<div class=\"elementor-element elementor-element-c4af12e elementor-widget elementor-widget-text-editor\" data-id=\"c4af12e\" data-element_type=\"widget\" data-e-type=\"widget\" data-widget_type=\"text-editor.default\">\n\t\t\t\t<div class=\"elementor-widget-container\">\n\t\t\t\t\t\t\t\t\t<hr \/><p><strong>BIBLIOTECARIA<\/strong><br \/>Lic. Adriana Pettinari<\/p>\t\t\t\t\t\t\t\t<\/div>\n\t\t\t\t<\/div>\n\t\t\t\t<div class=\"elementor-element elementor-element-4c30afb elementor-widget elementor-widget-text-editor\" data-id=\"4c30afb\" data-element_type=\"widget\" data-e-type=\"widget\" data-widget_type=\"text-editor.default\">\n\t\t\t\t<div class=\"elementor-widget-container\">\n\t\t\t\t\t\t\t\t\t<hr \/><p><strong>ADMINISTRADOR<\/strong><br \/>CPN Sergio Adri\u00e1n Gonano<\/p>\t\t\t\t\t\t\t\t<\/div>\n\t\t\t\t<\/div>\n\t\t\t\t\t<\/div>\n\t\t<\/div>\n\t\t\t\t\t<\/div>\n\t\t<\/section>\n\t\t\t\t<\/div>\n\t\t","protected":false},"excerpt":{"rendered":"<p>Autoridades REPRESENTANTE LEGAL:\u00a0 DIRECTORA ESPA\u00d1OLANuria \u00c1lvarez Sos DIRECTORA ARGENTINAIng. Mar\u00eda Laura Cant\u00e1bile SECRETARIOCPN Carlos Ant\u00eda BIBLIOTECARIALic. Adriana Pettinari ADMINISTRADORCPN Sergio&hellip;<\/p>\n","protected":false},"author":4,"featured_media":0,"parent":0,"menu_order":0,"comment_status":"closed","ping_status":"closed","template":"elementor_header_footer","meta":{"_acf_changed":false,"footnotes":""},"class_list":{"0":"post-28","1":"page","2":"type-page","3":"status-publish","5":"entry"},"acf":[],"aioseo_notices":[],"_links":{"self":[{"href":"https:\/\/colegioparqueespana.edu.ar\/carrerasycursos\/wp-json\/wp\/v2\/pages\/28","targetHints":{"allow":["GET"]}}],"collection":[{"href":"https:\/\/colegioparqueespana.edu.ar\/carrerasycursos\/wp-json\/wp\/v2\/pages"}],"about":[{"href":"https:\/\/colegioparqueespana.edu.ar\/carrerasycursos\/wp-json\/wp\/v2\/types\/page"}],"author":[{"embeddable":true,"href":"https:\/\/colegioparqueespana.edu.ar\/carrerasycursos\/wp-json\/wp\/v2\/users\/4"}],"replies":[{"embeddable":true,"href":"https:\/\/colegioparqueespana.edu.ar\/carrerasycursos\/wp-json\/wp\/v2\/comments?post=28"}],"version-history":[{"count":35,"href":"https:\/\/colegioparqueespana.edu.ar\/carrerasycursos\/wp-json\/wp\/v2\/pages\/28\/revisions"}],"predecessor-version":[{"id":1243,"href":"https:\/\/colegioparqueespana.edu.ar\/carrerasycursos\/wp-json\/wp\/v2\/pages\/28\/revisions\/1243"}],"wp:attachment":[{"href":"https:\/\/colegioparqueespana.edu.ar\/carrerasycursos\/wp-json\/wp\/v2\/media?parent=28"}],"curies":[{"name":"wp","href":"https:\/\/api.w.org\/{rel}","templated":true}]}}